{"id":300,"date":"2020-11-05T14:49:50","date_gmt":"2020-11-05T13:49:50","guid":{"rendered":"http:\/\/beaumont-redon.fr\/wp\/beaumonde\/?page_id=300"},"modified":"2020-11-05T15:07:36","modified_gmt":"2020-11-05T14:07:36","slug":"beaumonde-cest-toute-lannee","status":"publish","type":"page","link":"https:\/\/wp.beaumont-redon.fr\/beaumonde\/beaumonde-cest-toute-lannee\/","title":{"rendered":"Beaumonde c&#8217;est toute l&#8217;ann\u00e9e&#8230;"},"content":{"rendered":"\n<p>L&#8217;esprit de l&#8217;\u00e9co-festival Beaumonde reste bien pr\u00e9sent toute l&#8217;ann\u00e9e dans notre cit\u00e9 scolaire.<\/p>\n\n\n\n<p>L&#8217;actualit\u00e9 \u00e9cologique et sanitaire r\u00e9cente nous en d\u00e9montre l&#8217;importance.<\/p>\n\n\n\n<p>Retrouver <a href=\"http:\/\/beaumont-redon.fr\/wp\/beaumonde\/category\/beaumonde-toute-lannee\/\">ici<\/a> tous les projets qui font vivre cet esprit aussi tout le reste de l&#8217;ann\u00e9e.<\/p>\n\n\n\n<figure class=\"wp-block-image size-large\"><img loading=\"lazy\" decoding=\"async\" width=\"726\" height=\"1024\" src=\"http:\/\/beaumont-redon.fr\/wp\/beaumonde\/files\/2020\/11\/image-de-4-saisons_2-726x1024.jpg\" alt=\"\" class=\"wp-image-306\" srcset=\"https:\/\/wp.beaumont-redon.fr\/beaumonde\/files\/2020\/11\/image-de-4-saisons_2-726x1024.jpg 726w, https:\/\/wp.beaumont-redon.fr\/beaumonde\/files\/2020\/11\/image-de-4-saisons_2-213x300.jpg 213w, https:\/\/wp.beaumont-redon.fr\/beaumonde\/files\/2020\/11\/image-de-4-saisons_2-768x1084.jpg 768w, https:\/\/wp.beaumont-redon.fr\/beaumonde\/files\/2020\/11\/image-de-4-saisons_2.jpg 1063w\" sizes=\"(max-width: 726px) 100vw, 726px\" \/><\/figure>\n\n\n\n<p><\/p>\n","protected":false},"excerpt":{"rendered":"<p>L&#8217;esprit de l&#8217;\u00e9co-festival Beaumonde reste bien pr\u00e9sent toute l&#8217;ann\u00e9e dans notre cit\u00e9 scolaire. L&#8217;actualit\u00e9 \u00e9cologique et sanitaire r\u00e9cente nous en d\u00e9montre l&#8217;importance. Retrouver ici tous les projets qui font vivre cet esprit aussi tout le reste de l&#8217;ann\u00e9e.<\/p>\n","protected":false},"author":3,"featured_media":0,"parent":0,"menu_order":0,"comment_status":"closed","ping_status":"closed","template":"","meta":{"footnotes":""},"featured_image_src":null,"featured_image_src_square":null,"_links":{"self":[{"href":"https:\/\/wp.beaumont-redon.fr\/beaumonde\/wp-json\/wp\/v2\/pages\/300"}],"collection":[{"href":"https:\/\/wp.beaumont-redon.fr\/beaumonde\/wp-json\/wp\/v2\/pages"}],"about":[{"href":"https:\/\/wp.beaumont-redon.fr\/beaumonde\/wp-json\/wp\/v2\/types\/page"}],"author":[{"embeddable":true,"href":"https:\/\/wp.beaumont-redon.fr\/beaumonde\/wp-json\/wp\/v2\/users\/3"}],"replies":[{"embeddable":true,"href":"https:\/\/wp.beaumont-redon.fr\/beaumonde\/wp-json\/wp\/v2\/comments?post=300"}],"version-history":[{"count":3,"href":"https:\/\/wp.beaumont-redon.fr\/beaumonde\/wp-json\/wp\/v2\/pages\/300\/revisions"}],"predecessor-version":[{"id":311,"href":"https:\/\/wp.beaumont-redon.fr\/beaumonde\/wp-json\/wp\/v2\/pages\/300\/revisions\/311"}],"wp:attachment":[{"href":"https:\/\/wp.beaumont-redon.fr\/beaumonde\/wp-json\/wp\/v2\/media?parent=300"}],"curies":[{"name":"wp","href":"https:\/\/api.w.org\/{rel}","templated":true}]}}