{"id":606,"date":"2018-11-07T14:14:50","date_gmt":"2018-11-07T13:14:50","guid":{"rendered":"http:\/\/beaumont-redon.fr\/wp\/lettreslycee\/?page_id=606"},"modified":"2022-01-31T08:18:23","modified_gmt":"2022-01-31T07:18:23","slug":"bienvenue-sur-litterales-2","status":"publish","type":"page","link":"http:\/\/wp.beaumont-redon.fr\/lettreslycee\/","title":{"rendered":"Bienvenue sur Litt\u00e9rales !"},"content":{"rendered":"<div id=\"pl-606\"  class=\"panel-layout\" ><div id=\"pg-606-0\"  class=\"panel-grid panel-no-style\" ><div id=\"pgc-606-0-0\"  class=\"panel-grid-cell\" ><div id=\"panel-606-0-0-0\" class=\"so-panel widget widget_text panel-first-child panel-last-child\" data-index=\"0\" >\t\t\t<div class=\"textwidget\"><ul>\n<li><strong><span style=\"color: teal;\">point de m\u00e9thode mal compris?<\/span><\/strong><\/li>\n<li><strong><span style=\"color: #008080;\">impression de ne pas assez bien conna\u00eetre un aspect de l&#8217;\u0153uvre, un auteur (BAC), le th\u00e8me au programme (BTS)?<\/span><\/strong><\/li>\n<li><strong><span style=\"color: teal;\">besoin express de r\u00e9viser pour un devoir, un bac blanc, les vraies \u00e9preuves?<\/span><\/strong><\/li>\n<li><strong><span style=\"color: teal;\">envie d&#8217;\u00e9couter un livre audio ou de visionner l&#8217;interview d&#8217;un(e) auteur(e)?<\/span><\/strong><\/li>\n<li><strong><span style=\"color: teal;\">envie d&#8217;enrichir ta culture g\u00e9n\u00e9rale?<\/span><\/strong><\/li>\n<\/ul>\n<p><strong><span style=\"color: teal;\">&#8230; ce site est fait pour toi !<\/span><\/strong><\/p>\n<p><strong><span style=\"color: teal;\">N&#8217;h\u00e9site pas \u00e0 parcourir les onglets correspondants \u00e0 ton niveau ou \u00e0 ce que tu cherches. \ud83d\ude42<\/span><\/strong><\/p>\n<\/div>\n\t\t<\/div><\/div><\/div><div id=\"pg-606-1\"  class=\"panel-grid panel-no-style\" ><div id=\"pgc-606-1-0\"  class=\"panel-grid-cell\" ><div id=\"panel-606-1-0-0\" class=\"so-panel widget widget_media_image panel-first-child panel-last-child\" data-index=\"1\" ><img loading=\"lazy\" decoding=\"async\" width=\"285\" height=\"500\" src=\"http:\/\/wp.beaumont-redon.fr\/lettreslycee\/files\/2018\/11\/mauditbic.tmp_.png\" class=\"image wp-image-621  attachment-full size-full\" alt=\"\" style=\"max-width: 100%; height: auto;\" \/><\/div><\/div><div id=\"pgc-606-1-1\"  class=\"panel-grid-cell\" ><div id=\"panel-606-1-1-0\" class=\"so-panel widget widget_media_image panel-first-child panel-last-child\" data-index=\"2\" ><img loading=\"lazy\" decoding=\"async\" width=\"286\" height=\"489\" src=\"http:\/\/wp.beaumont-redon.fr\/lettreslycee\/files\/2018\/11\/lamartine.tmp_.png\" class=\"image wp-image-616  attachment-full size-full\" alt=\"\" style=\"max-width: 100%; height: auto;\" \/><\/div><\/div><\/div><\/div>","protected":false},"excerpt":{"rendered":"<p>point de m\u00e9thode mal compris? impression de ne pas assez bien conna\u00eetre un aspect de l&#8217;\u0153uvre, un auteur (BAC), le th\u00e8me au programme (BTS)? besoin express de r\u00e9viser pour un devoir, un bac blanc, les vraies \u00e9preuves? envie d&#8217;\u00e9couter un &hellip; <a href=\"http:\/\/wp.beaumont-redon.fr\/lettreslycee\/\">Continue reading <span class=\"meta-nav\">&rarr;<\/span><\/a><\/p>\n","protected":false},"author":330,"featured_media":0,"parent":0,"menu_order":0,"comment_status":"closed","ping_status":"closed","template":"","meta":{"footnotes":""},"featured_image_src":null,"featured_image_src_square":null,"_links":{"self":[{"href":"http:\/\/wp.beaumont-redon.fr\/lettreslycee\/wp-json\/wp\/v2\/pages\/606"}],"collection":[{"href":"http:\/\/wp.beaumont-redon.fr\/lettreslycee\/wp-json\/wp\/v2\/pages"}],"about":[{"href":"http:\/\/wp.beaumont-redon.fr\/lettreslycee\/wp-json\/wp\/v2\/types\/page"}],"author":[{"embeddable":true,"href":"http:\/\/wp.beaumont-redon.fr\/lettreslycee\/wp-json\/wp\/v2\/users\/330"}],"replies":[{"embeddable":true,"href":"http:\/\/wp.beaumont-redon.fr\/lettreslycee\/wp-json\/wp\/v2\/comments?post=606"}],"version-history":[{"count":18,"href":"http:\/\/wp.beaumont-redon.fr\/lettreslycee\/wp-json\/wp\/v2\/pages\/606\/revisions"}],"predecessor-version":[{"id":1221,"href":"http:\/\/wp.beaumont-redon.fr\/lettreslycee\/wp-json\/wp\/v2\/pages\/606\/revisions\/1221"}],"wp:attachment":[{"href":"http:\/\/wp.beaumont-redon.fr\/lettreslycee\/wp-json\/wp\/v2\/media?parent=606"}],"curies":[{"name":"wp","href":"https:\/\/api.w.org\/{rel}","templated":true}]}}