{"id":190,"date":"2020-09-22T10:38:11","date_gmt":"2020-09-22T08:38:11","guid":{"rendered":"http:\/\/beaumont-redon.fr\/wp\/beaumonde\/?page_id=190"},"modified":"2020-09-22T10:38:12","modified_gmt":"2020-09-22T08:38:12","slug":"les-eleves-ambassadeurs-beaumonde","status":"publish","type":"page","link":"http:\/\/wp.beaumont-redon.fr\/beaumonde\/les-eleves-ambassadeurs-beaumonde\/","title":{"rendered":"Les \u00e9l\u00e8ves &#8211; ambassadeurs Beaumonde"},"content":{"rendered":"\n<p>Chaque ann\u00e9e un groupe d&#8217;\u00e9l\u00e8ves issus de toutes les classes de la cit\u00e9 scolaire, de la 6\u00e8me au BTS, s&#8217;investit de fa\u00e7on plus importante dans l&#8217;\u00e9co-festival, en jouant le r\u00f4le d&#8217;\u00e9l\u00e8ve-ambassadeur Beaumonde.<\/p>\n\n\n\n<p>Il y a quatre grandes missions pour ces ambassadeurs:<\/p>\n\n\n\n<ul><li>R\u00e9f\u00e9rent des actions Beaumonde pour sa classe<\/li><li>Relais des informations concernant Beaumonde (lors de l&#8217;\u00e9co-festival et pour l&#8217;ensemble des actions sur l&#8217;ann\u00e9e)<\/li><li>Mise en place \/ initiative de projets Beaumonde<\/li><li>Investissement dans les projets Beaumonde<\/li><\/ul>\n\n\n\n<p>Un petit groupe d&#8217;\u00e9l\u00e8ves motiv\u00e9s va \u00e9galement participer activement \u00e0 la communication du Festival sur les <a href=\"http:\/\/beaumont-redon.fr\/wp\/beaumonde\/actu-2\/\">r\u00e9seaux sociaux<\/a>.<\/p>\n\n\n\n<p><\/p>\n\n\n\n<p><\/p>\n","protected":false},"excerpt":{"rendered":"<p>Chaque ann\u00e9e un groupe d&#8217;\u00e9l\u00e8ves issus de toutes les classes de la cit\u00e9 scolaire, de la 6\u00e8me au BTS, s&#8217;investit de fa\u00e7on plus importante dans l&#8217;\u00e9co-festival, en jouant le r\u00f4le d&#8217;\u00e9l\u00e8ve-ambassadeur Beaumonde. Il y a quatre grandes missions pour ces ambassadeurs: R\u00e9f\u00e9rent des actions Beaumonde pour sa classe Relais des informations concernant Beaumonde (lors de [&hellip;]<\/p>\n","protected":false},"author":3,"featured_media":0,"parent":0,"menu_order":0,"comment_status":"closed","ping_status":"closed","template":"","meta":{"footnotes":""},"featured_image_src":null,"featured_image_src_square":null,"_links":{"self":[{"href":"http:\/\/wp.beaumont-redon.fr\/beaumonde\/wp-json\/wp\/v2\/pages\/190"}],"collection":[{"href":"http:\/\/wp.beaumont-redon.fr\/beaumonde\/wp-json\/wp\/v2\/pages"}],"about":[{"href":"http:\/\/wp.beaumont-redon.fr\/beaumonde\/wp-json\/wp\/v2\/types\/page"}],"author":[{"embeddable":true,"href":"http:\/\/wp.beaumont-redon.fr\/beaumonde\/wp-json\/wp\/v2\/users\/3"}],"replies":[{"embeddable":true,"href":"http:\/\/wp.beaumont-redon.fr\/beaumonde\/wp-json\/wp\/v2\/comments?post=190"}],"version-history":[{"count":1,"href":"http:\/\/wp.beaumont-redon.fr\/beaumonde\/wp-json\/wp\/v2\/pages\/190\/revisions"}],"predecessor-version":[{"id":191,"href":"http:\/\/wp.beaumont-redon.fr\/beaumonde\/wp-json\/wp\/v2\/pages\/190\/revisions\/191"}],"wp:attachment":[{"href":"http:\/\/wp.beaumont-redon.fr\/beaumonde\/wp-json\/wp\/v2\/media?parent=190"}],"curies":[{"name":"wp","href":"https:\/\/api.w.org\/{rel}","templated":true}]}}